{"id":171790,"date":"2026-05-04T01:48:40","date_gmt":"2026-05-03T23:48:40","guid":{"rendered":"https:\/\/closetinnovationsne.com\/panelsandwich\/?page_id=171790"},"modified":"2026-05-04T01:51:28","modified_gmt":"2026-05-03T23:51:28","slug":"contacto","status":"publish","type":"page","link":"https:\/\/closetinnovationsne.com\/panelsandwich\/contacto\/","title":{"rendered":"Contacto"},"content":{"rendered":"<div class=\"wpb-content-wrapper\"><p>[vc_row unlock_row_content=\u00bbyes\u00bb row_height_percent=\u00bb0&#8243; override_padding=\u00bbyes\u00bb h_padding=\u00bb0&#8243; top_padding=\u00bb0&#8243; bottom_padding=\u00bb0&#8243; overlay_alpha=\u00bb50&#8243; equal_height=\u00bbyes\u00bb gutter_size=\u00bb0&#8243; column_width_percent=\u00bb100&#8243; border_color=\u00bbcolor-gyho\u00bb border_style=\u00bbsolid\u00bb shift_y=\u00bb0&#8243; z_index=\u00bb0&#8243; content_parallax=\u00bb0&#8243; uncode_shortcode_id=\u00bb154544&#8243; css=\u00bb.vc_custom_1777850065314{border-top-width: 1px !important;}\u00bb border_color_type=\u00bbuncode-palette\u00bb][vc_column column_width_percent=\u00bb100&#8243; gutter_size=\u00bb4&#8243; override_padding=\u00bbyes\u00bb column_padding=\u00bb5&#8243; back_color=\u00bbcolor-lxmt\u00bb overlay_alpha=\u00bb50&#8243; shift_x=\u00bb0&#8243; shift_y=\u00bb0&#8243; shift_y_down=\u00bb0&#8243; z_index=\u00bb0&#8243; medium_width=\u00bb4&#8243; mobile_width=\u00bb0&#8243; width=\u00bb1\/2&#8243; uncode_shortcode_id=\u00bb976451&#8243; back_color_type=\u00bbuncode-palette\u00bb][vc_custom_heading heading_semantic=\u00bbh1&#8243; text_size=\u00bbfontsize-155944&#8243; text_weight=\u00bb600&#8243; uncode_shortcode_id=\u00bb118652&#8243;]\u00bfListo para tu nuevo hogar?[\/vc_custom_heading][vc_custom_heading heading_semantic=\u00bbh3&#8243; text_size=\u00bbcustom\u00bb text_weight=\u00bb400&#8243; text_height=\u00bbfontheight-357766&#8243; uncode_shortcode_id=\u00bb100103&#8243; heading_custom_size=\u00bb15px\u00bb text_color_type=\u00bbuncode-solid\u00bb text_color_solid=\u00bb#5b616b\u00bb]\u00bfTe interesa saber m\u00e1s o dar el primer paso hacia tu nuevo hogar? \u00a1Ponte en contacto con nosotros hoy y empieza a construir tu sue\u00f1o!<\/p>\n<p>[\/vc_custom_heading][vc_row_inner row_inner_height_percent=\u00bb0&#8243; overlay_alpha=\u00bb50&#8243; gutter_size=\u00bb4&#8243; shift_y=\u00bb0&#8243; z_index=\u00bb0&#8243; limit_content=\u00bb\u00bb][vc_column_inner column_width_percent=\u00bb100&#8243; gutter_size=\u00bb3&#8243; overlay_alpha=\u00bb50&#8243; shift_x=\u00bb0&#8243; shift_y=\u00bb0&#8243; shift_y_down=\u00bb0&#8243; z_index=\u00bb0&#8243; medium_width=\u00bb0&#8243; mobile_width=\u00bb0&#8243; width=\u00bb1\/2&#8243;][vc_custom_heading text_font=\u00bbfont-175345&#8243; text_weight=\u00bb400&#8243; subheading=\u00bbR\u00faa do Granito, parcela C13-C14, 15100, A Coru\u00f1a, Espa\u00f1a\u00bb uncode_shortcode_id=\u00bb744077&#8243;]Visitanos[\/vc_custom_heading][\/vc_column_inner][vc_column_inner column_width_percent=\u00bb100&#8243; gutter_size=\u00bb3&#8243; overlay_alpha=\u00bb50&#8243; shift_x=\u00bb0&#8243; shift_y=\u00bb0&#8243; shift_y_down=\u00bb0&#8243; z_index=\u00bb0&#8243; medium_width=\u00bb0&#8243; mobile_width=\u00bb0&#8243; width=\u00bb1\/2&#8243;][vc_custom_heading text_font=\u00bbfont-175345&#8243; text_weight=\u00bb400&#8243; subheading=\u00bb+34 646 72 35 85&#8243; uncode_shortcode_id=\u00bb986254&#8243;]Llamanos[\/vc_custom_heading][\/vc_column_inner][\/vc_row_inner][\/vc_column][vc_column column_width_percent=\u00bb100&#8243; gutter_size=\u00bb3&#8243; override_padding=\u00bbyes\u00bb column_padding=\u00bb5&#8243; font_family=\u00bbfont-175345&#8243; back_color=\u00bbcolor-xsdn\u00bb overlay_alpha=\u00bb50&#8243; shift_x=\u00bb0&#8243; shift_y=\u00bb0&#8243; shift_y_down=\u00bb0&#8243; z_index=\u00bb0&#8243; medium_width=\u00bb4&#8243; mobile_width=\u00bb0&#8243; width=\u00bb1\/2&#8243; uncode_shortcode_id=\u00bb351927&#8243; back_color_type=\u00bbuncode-palette\u00bb]\n<div class=\"wpcf7 no-js\" id=\"wpcf7-f10131-o1\" lang=\"en-US\" dir=\"ltr\" data-wpcf7-id=\"10131\">\n<div class=\"screen-reader-response\"><p role=\"status\" aria-live=\"polite\" aria-atomic=\"true\"><\/p> <ul><\/ul><\/div>\n<form action=\"\/panelsandwich\/wp-json\/wp\/v2\/pages\/171790#wpcf7-f10131-o1\" method=\"post\" class=\"wpcf7-form init input-background form-no-labels\" aria-label=\"Contact form\" novalidate=\"novalidate\" data-status=\"init\">\n<fieldset class=\"hidden-fields-container\"><input type=\"hidden\" name=\"_wpcf7\" value=\"10131\" \/><input type=\"hidden\" name=\"_wpcf7_version\" value=\"6.1.5\" \/><input type=\"hidden\" name=\"_wpcf7_locale\" value=\"en_US\" \/><input type=\"hidden\" name=\"_wpcf7_unit_tag\" value=\"wpcf7-f10131-o1\" \/><input type=\"hidden\" name=\"_wpcf7_container_post\" value=\"0\" \/><input type=\"hidden\" name=\"_wpcf7_posted_data_hash\" value=\"\" \/>\n<\/fieldset>\n<div class=\"wpcf7-inline-wrapper\">\n\t<p class=\"wpcf7-inline-field\"><label for=\"nombre\" class=\"wpcf7-inline-field\">Nombres y Apellidos*<\/label><br \/>\n<span class=\"wpcf7-form-control-wrap\" data-name=\"nombre\"><input size=\"40\" maxlength=\"400\" class=\"wpcf7-form-control wpcf7-text wpcf7-validates-as-required\" id=\"nombre\" aria-required=\"true\" aria-invalid=\"false\" placeholder=\"Nombre y Apellidos\" value=\"\" type=\"text\" name=\"nombre\" \/><\/span>\n\t<\/p>\n\t<p class=\"wpcf7-inline-field\"><label for=\"telefono\" class=\"wpcf7-inline-field\">Telefono*<\/label><br \/>\n<span class=\"wpcf7-form-control-wrap\" data-name=\"telefono\"><input size=\"40\" maxlength=\"400\" class=\"wpcf7-form-control wpcf7-text wpcf7-validates-as-required\" id=\"telefono\" aria-required=\"true\" aria-invalid=\"false\" placeholder=\"Telefono\" value=\"\" type=\"text\" name=\"telefono\" \/><\/span>\n\t<\/p>\n<\/div>\n<div class=\"wpcf7-inline-wrapper\">\n\t<p class=\"wpcf7-inline-field\"><label for=\"email\" class=\"wpcf7-inline-field\">Email*<\/label><br \/>\n<span class=\"wpcf7-form-control-wrap\" data-name=\"email\"><input size=\"40\" maxlength=\"400\" class=\"wpcf7-form-control wpcf7-text wpcf7-validates-as-required\" id=\"email\" aria-required=\"true\" aria-invalid=\"false\" placeholder=\"Email\" value=\"\" type=\"text\" name=\"email\" \/><\/span>\n\t<\/p>\n\t<p class=\"wpcf7-inline-field\"><label for=\"localidas\" class=\"wpcf7-inline-field\">Localidad*<\/label><br \/>\n<span class=\"wpcf7-form-control-wrap\" data-name=\"localidad\"><input size=\"40\" maxlength=\"400\" class=\"wpcf7-form-control wpcf7-text wpcf7-validates-as-required\" id=\"localidad\" aria-required=\"true\" aria-invalid=\"false\" placeholder=\"Localidad\" value=\"\" type=\"text\" name=\"localidad\" \/><\/span>\n\t<\/p>\n<\/div>\n<p><label for=\"mensaje\">\u00bfEn qu\u00e9 podemos ayudarte?<\/label><br \/>\n<span class=\"wpcf7-form-control-wrap\" data-name=\"mensaje\"><textarea cols=\"40\" rows=\"10\" maxlength=\"2000\" class=\"wpcf7-form-control wpcf7-textarea\" id=\"mensaje\" aria-invalid=\"false\" placeholder=\"\u00bfEn qu\u00e9 podemos ayudarte?\" name=\"mensaje\"><\/textarea><\/span>\n<\/p>\n<p><span class=\"wpcf7-form-control-wrap\" data-name=\"accept-this-1\"><span class=\"wpcf7-form-control wpcf7-acceptance\"><span class=\"wpcf7-list-item\"><label><input type=\"checkbox\" name=\"accept-this-1\" value=\"1\" aria-invalid=\"false\" \/><span class=\"wpcf7-list-item-label\">Estoy de acuerdo con la (<a href=\"#\">pol\u00edtica de privacidad.<\/a>)<\/span><\/label><\/span><\/span><\/span>\n<\/p>\n<p><input class=\"wpcf7-form-control wpcf7-submit has-spinner btn btn-default btn-block btn-lg btn-circle btn-inherit font-weight-500\" type=\"submit\" value=\"Enviar mensaje\" \/>\n<\/p><div class=\"wpcf7-response-output\" aria-hidden=\"true\"><\/div>\n<\/form>\n<\/div>\n[\/vc_column][\/vc_row]<\/p>\n<\/div>","protected":false},"excerpt":{"rendered":"<p>[vc_row unlock_row_content=\u00bbyes\u00bb row_height_percent=\u00bb0&#8243; override_padding=\u00bbyes\u00bb h_padding=\u00bb0&#8243; top_padding=\u00bb0&#8243; bottom_padding=\u00bb0&#8243; overlay_alpha=\u00bb50&#8243; equal_height=\u00bbyes\u00bb gutter_size=\u00bb0&#8243; column_width_percent=\u00bb100&#8243; border_color=\u00bbcolor-gyho\u00bb border_style=\u00bbsolid\u00bb shift_y=\u00bb0&#8243; z_index=\u00bb0&#8243; content_parallax=\u00bb0&#8243; uncode_shortcode_id=\u00bb154544&#8243; css=\u00bb.vc_custom_1777850065314{border-top-width: 1px !important;}\u00bb [&hellip;]<\/p>\n","protected":false},"author":1,"featured_media":155933,"parent":0,"menu_order":0,"comment_status":"closed","ping_status":"closed","template":"","meta":{"footnotes":""},"class_list":["post-171790","page","type-page","status-publish","has-post-thumbnail","hentry","page_category-classic","page_category-business"],"_links":{"self":[{"href":"https:\/\/closetinnovationsne.com\/panelsandwich\/wp-json\/wp\/v2\/pages\/171790","targetHints":{"allow":["GET"]}}],"collection":[{"href":"https:\/\/closetinnovationsne.com\/panelsandwich\/wp-json\/wp\/v2\/pages"}],"about":[{"href":"https:\/\/closetinnovationsne.com\/panelsandwich\/wp-json\/wp\/v2\/types\/page"}],"author":[{"embeddable":true,"href":"https:\/\/closetinnovationsne.com\/panelsandwich\/wp-json\/wp\/v2\/users\/1"}],"replies":[{"embeddable":true,"href":"https:\/\/closetinnovationsne.com\/panelsandwich\/wp-json\/wp\/v2\/comments?post=171790"}],"version-history":[{"count":1,"href":"https:\/\/closetinnovationsne.com\/panelsandwich\/wp-json\/wp\/v2\/pages\/171790\/revisions"}],"predecessor-version":[{"id":171791,"href":"https:\/\/closetinnovationsne.com\/panelsandwich\/wp-json\/wp\/v2\/pages\/171790\/revisions\/171791"}],"wp:featuredmedia":[{"embeddable":true,"href":"https:\/\/closetinnovationsne.com\/panelsandwich\/wp-json\/wp\/v2\/media\/155933"}],"wp:attachment":[{"href":"https:\/\/closetinnovationsne.com\/panelsandwich\/wp-json\/wp\/v2\/media?parent=171790"}],"curies":[{"name":"wp","href":"https:\/\/api.w.org\/{rel}","templated":true}]}}